{"id":56690,"date":"2025-09-18T03:48:45","date_gmt":"2025-09-18T03:48:45","guid":{"rendered":"https:\/\/moovit.voyeglobal.com\/product\/sao-cristovao-e-nevis-15-dias-ilimitado\/"},"modified":"2025-09-18T04:38:41","modified_gmt":"2025-09-18T04:38:41","slug":"sao-cristovao-e-nevis-15-dias-ilimitado","status":"publish","type":"product","link":"https:\/\/moovit.voyeglobal.com\/pt-br\/product\/sao-cristovao-e-nevis-15-dias-ilimitado\/","title":{"rendered":"S\u00e3o Crist\u00f3v\u00e3o e Nevis &#8211; 15 dias &#8211; Ilimitado"},"content":{"rendered":"","protected":false},"excerpt":{"rendered":"","protected":false},"featured_media":52940,"comment_status":"closed","ping_status":"open","template":"","meta":{"_acf_changed":false},"product_brand":[],"product_cat":[3542],"product_tag":[3587],"class_list":{"0":"post-56690","1":"product","2":"type-product","3":"status-publish","4":"has-post-thumbnail","6":"product_cat-saint-kitts-and-nevis","7":"product_tag-unlimited-data","9":"first","10":"instock","11":"purchasable","12":"product-type-simple"},"acf":[],"_links":{"self":[{"href":"https:\/\/moovit.voyeglobal.com\/pt-br\/wp-json\/wp\/v2\/product\/56690","targetHints":{"allow":["GET"]}}],"collection":[{"href":"https:\/\/moovit.voyeglobal.com\/pt-br\/wp-json\/wp\/v2\/product"}],"about":[{"href":"https:\/\/moovit.voyeglobal.com\/pt-br\/wp-json\/wp\/v2\/types\/product"}],"replies":[{"embeddable":true,"href":"https:\/\/moovit.voyeglobal.com\/pt-br\/wp-json\/wp\/v2\/comments?post=56690"}],"wp:featuredmedia":[{"embeddable":true,"href":"https:\/\/moovit.voyeglobal.com\/pt-br\/wp-json\/wp\/v2\/media\/52940"}],"wp:attachment":[{"href":"https:\/\/moovit.voyeglobal.com\/pt-br\/wp-json\/wp\/v2\/media?parent=56690"}],"wp:term":[{"taxonomy":"product_brand","embeddable":true,"href":"https:\/\/moovit.voyeglobal.com\/pt-br\/wp-json\/wp\/v2\/product_brand?post=56690"},{"taxonomy":"product_cat","embeddable":true,"href":"https:\/\/moovit.voyeglobal.com\/pt-br\/wp-json\/wp\/v2\/product_cat?post=56690"},{"taxonomy":"product_tag","embeddable":true,"href":"https:\/\/moovit.voyeglobal.com\/pt-br\/wp-json\/wp\/v2\/product_tag?post=56690"}],"curies":[{"name":"wp","href":"https:\/\/api.w.org\/{rel}","templated":true}]}}