{"id":40725,"date":"2024-09-09T11:49:09","date_gmt":"2024-09-09T11:49:09","guid":{"rendered":"https:\/\/moovit.voyeglobal.com\/contact-us\/"},"modified":"2025-08-21T08:00:35","modified_gmt":"2025-08-21T08:00:35","slug":"contact-us","status":"publish","type":"page","link":"https:\/\/moovit.voyeglobal.com\/pt-br\/contact-us\/","title":{"rendered":"Fale Conosco"},"content":{"rendered":"\n<p>Voc\u00ea pode nos contatar via:<\/p>\n\n\n\n<p><a href=\"mailto:support@voyeglobal.com\">support@voyeglobal.com<\/a><\/p>\n\n\n\n<p>Ou simplesmente preencher o formul\u00e1rio nesta p\u00e1gina. Estamos felizes em ajudar.<\/p>\n\n\n\n<p><\/p>\n","protected":false},"excerpt":{"rendered":"<p>Voc\u00ea pode nos contatar via: support@voyeglobal.com Ou simplesmente preencher o formul\u00e1rio nesta p\u00e1gina. Estamos felizes em ajudar.<\/p>\n","protected":false},"author":528,"featured_media":0,"parent":0,"menu_order":0,"comment_status":"closed","ping_status":"closed","template":"views\/tpl-contact.php","meta":{"_acf_changed":false,"footnotes":""},"class_list":["post-40725","page","type-page","status-publish","hentry"],"acf":[],"_links":{"self":[{"href":"https:\/\/moovit.voyeglobal.com\/pt-br\/wp-json\/wp\/v2\/pages\/40725","targetHints":{"allow":["GET"]}}],"collection":[{"href":"https:\/\/moovit.voyeglobal.com\/pt-br\/wp-json\/wp\/v2\/pages"}],"about":[{"href":"https:\/\/moovit.voyeglobal.com\/pt-br\/wp-json\/wp\/v2\/types\/page"}],"author":[{"embeddable":true,"href":"https:\/\/moovit.voyeglobal.com\/pt-br\/wp-json\/wp\/v2\/users\/528"}],"replies":[{"embeddable":true,"href":"https:\/\/moovit.voyeglobal.com\/pt-br\/wp-json\/wp\/v2\/comments?post=40725"}],"version-history":[{"count":1,"href":"https:\/\/moovit.voyeglobal.com\/pt-br\/wp-json\/wp\/v2\/pages\/40725\/revisions"}],"predecessor-version":[{"id":52174,"href":"https:\/\/moovit.voyeglobal.com\/pt-br\/wp-json\/wp\/v2\/pages\/40725\/revisions\/52174"}],"wp:attachment":[{"href":"https:\/\/moovit.voyeglobal.com\/pt-br\/wp-json\/wp\/v2\/media?parent=40725"}],"curies":[{"name":"wp","href":"https:\/\/api.w.org\/{rel}","templated":true}]}}