{"id":56098,"date":"2025-09-18T03:52:11","date_gmt":"2025-09-18T03:52:11","guid":{"rendered":"https:\/\/moovit.voyeglobal.com\/product\/iles-caimans-20-jours-illimite\/"},"modified":"2025-09-18T04:53:11","modified_gmt":"2025-09-18T04:53:11","slug":"iles-caimans-20-jours-illimite","status":"publish","type":"product","link":"https:\/\/moovit.voyeglobal.com\/fr\/product\/iles-caimans-20-jours-illimite\/","title":{"rendered":"\u00celes Ca\u00efmans &#8211; 20 jours &#8211; Illimit\u00e9"},"content":{"rendered":"","protected":false},"excerpt":{"rendered":"","protected":false},"featured_media":53134,"comment_status":"closed","ping_status":"open","template":"","meta":{"_acf_changed":false},"product_brand":[],"product_cat":[2560],"product_tag":[3591],"class_list":{"0":"post-56098","1":"product","2":"type-product","3":"status-publish","4":"has-post-thumbnail","6":"product_cat-cayman-islands","7":"product_tag-unlimited-data","9":"first","10":"instock","11":"purchasable","12":"product-type-simple"},"acf":[],"_links":{"self":[{"href":"https:\/\/moovit.voyeglobal.com\/fr\/wp-json\/wp\/v2\/product\/56098","targetHints":{"allow":["GET"]}}],"collection":[{"href":"https:\/\/moovit.voyeglobal.com\/fr\/wp-json\/wp\/v2\/product"}],"about":[{"href":"https:\/\/moovit.voyeglobal.com\/fr\/wp-json\/wp\/v2\/types\/product"}],"replies":[{"embeddable":true,"href":"https:\/\/moovit.voyeglobal.com\/fr\/wp-json\/wp\/v2\/comments?post=56098"}],"wp:featuredmedia":[{"embeddable":true,"href":"https:\/\/moovit.voyeglobal.com\/fr\/wp-json\/wp\/v2\/media\/53134"}],"wp:attachment":[{"href":"https:\/\/moovit.voyeglobal.com\/fr\/wp-json\/wp\/v2\/media?parent=56098"}],"wp:term":[{"taxonomy":"product_brand","embeddable":true,"href":"https:\/\/moovit.voyeglobal.com\/fr\/wp-json\/wp\/v2\/product_brand?post=56098"},{"taxonomy":"product_cat","embeddable":true,"href":"https:\/\/moovit.voyeglobal.com\/fr\/wp-json\/wp\/v2\/product_cat?post=56098"},{"taxonomy":"product_tag","embeddable":true,"href":"https:\/\/moovit.voyeglobal.com\/fr\/wp-json\/wp\/v2\/product_tag?post=56098"}],"curies":[{"name":"wp","href":"https:\/\/api.w.org\/{rel}","templated":true}]}}