{"id":45329,"date":"2025-03-18T18:09:45","date_gmt":"2025-03-18T18:09:45","guid":{"rendered":"https:\/\/moovit.voyeglobal.com\/product\/thailande-10-jours-de-donnees-illimitees\/"},"modified":"2025-03-18T18:26:45","modified_gmt":"2025-03-18T18:26:45","slug":"thailande-10-jours-de-donnees-illimitees","status":"publish","type":"product","link":"https:\/\/moovit.voyeglobal.com\/fr\/product\/thailande-10-jours-de-donnees-illimitees\/","title":{"rendered":"Tha\u00eflande 10 jours de donn\u00e9es illimit\u00e9es"},"content":{"rendered":"","protected":false},"excerpt":{"rendered":"","protected":false},"featured_media":0,"comment_status":"closed","ping_status":"closed","template":"","meta":{"_acf_changed":false},"product_brand":[],"product_cat":[3275],"product_tag":[3591],"class_list":{"0":"post-45329","1":"product","2":"type-product","3":"status-publish","5":"product_cat-thailand","6":"product_tag-unlimited-data","8":"first","9":"instock","10":"purchasable","11":"product-type-simple"},"acf":[],"_links":{"self":[{"href":"https:\/\/moovit.voyeglobal.com\/fr\/wp-json\/wp\/v2\/product\/45329","targetHints":{"allow":["GET"]}}],"collection":[{"href":"https:\/\/moovit.voyeglobal.com\/fr\/wp-json\/wp\/v2\/product"}],"about":[{"href":"https:\/\/moovit.voyeglobal.com\/fr\/wp-json\/wp\/v2\/types\/product"}],"replies":[{"embeddable":true,"href":"https:\/\/moovit.voyeglobal.com\/fr\/wp-json\/wp\/v2\/comments?post=45329"}],"wp:attachment":[{"href":"https:\/\/moovit.voyeglobal.com\/fr\/wp-json\/wp\/v2\/media?parent=45329"}],"wp:term":[{"taxonomy":"product_brand","embeddable":true,"href":"https:\/\/moovit.voyeglobal.com\/fr\/wp-json\/wp\/v2\/product_brand?post=45329"},{"taxonomy":"product_cat","embeddable":true,"href":"https:\/\/moovit.voyeglobal.com\/fr\/wp-json\/wp\/v2\/product_cat?post=45329"},{"taxonomy":"product_tag","embeddable":true,"href":"https:\/\/moovit.voyeglobal.com\/fr\/wp-json\/wp\/v2\/product_tag?post=45329"}],"curies":[{"name":"wp","href":"https:\/\/api.w.org\/{rel}","templated":true}]}}