{"id":44797,"date":"2025-03-18T18:12:22","date_gmt":"2025-03-18T18:12:22","guid":{"rendered":"https:\/\/moovit.voyeglobal.com\/product\/thailande-3-jours-de-donnees-illimitees\/"},"modified":"2025-03-18T18:13:19","modified_gmt":"2025-03-18T18:13:19","slug":"thailande-3-jours-de-donnees-illimitees","status":"publish","type":"product","link":"https:\/\/moovit.voyeglobal.com\/fr\/product\/thailande-3-jours-de-donnees-illimitees\/","title":{"rendered":"Tha\u00eflande 3 jours de donn\u00e9es illimit\u00e9es"},"content":{"rendered":"","protected":false},"excerpt":{"rendered":"","protected":false},"featured_media":0,"comment_status":"closed","ping_status":"closed","template":"","meta":{"_acf_changed":false},"product_brand":[],"product_cat":[3275],"product_tag":[3591],"class_list":{"0":"post-44797","1":"product","2":"type-product","3":"status-publish","5":"product_cat-thailand","6":"product_tag-unlimited-data","8":"first","9":"instock","10":"purchasable","11":"product-type-simple"},"acf":[],"_links":{"self":[{"href":"https:\/\/moovit.voyeglobal.com\/fr\/wp-json\/wp\/v2\/product\/44797","targetHints":{"allow":["GET"]}}],"collection":[{"href":"https:\/\/moovit.voyeglobal.com\/fr\/wp-json\/wp\/v2\/product"}],"about":[{"href":"https:\/\/moovit.voyeglobal.com\/fr\/wp-json\/wp\/v2\/types\/product"}],"replies":[{"embeddable":true,"href":"https:\/\/moovit.voyeglobal.com\/fr\/wp-json\/wp\/v2\/comments?post=44797"}],"wp:attachment":[{"href":"https:\/\/moovit.voyeglobal.com\/fr\/wp-json\/wp\/v2\/media?parent=44797"}],"wp:term":[{"taxonomy":"product_brand","embeddable":true,"href":"https:\/\/moovit.voyeglobal.com\/fr\/wp-json\/wp\/v2\/product_brand?post=44797"},{"taxonomy":"product_cat","embeddable":true,"href":"https:\/\/moovit.voyeglobal.com\/fr\/wp-json\/wp\/v2\/product_cat?post=44797"},{"taxonomy":"product_tag","embeddable":true,"href":"https:\/\/moovit.voyeglobal.com\/fr\/wp-json\/wp\/v2\/product_tag?post=44797"}],"curies":[{"name":"wp","href":"https:\/\/api.w.org\/{rel}","templated":true}]}}