{"id":39008,"date":"2024-05-02T08:21:33","date_gmt":"2024-05-02T08:21:33","guid":{"rendered":"https:\/\/moovit.voyeglobal.com\/installation-guide-2\/"},"modified":"2025-10-08T08:58:08","modified_gmt":"2025-10-08T08:58:08","slug":"installation-guide","status":"publish","type":"page","link":"https:\/\/moovit.voyeglobal.com\/fr\/installation-guide\/","title":{"rendered":"Guide d\u2019installation"},"content":{"rendered":"\n<p>Trouvez des instructions d\u00e9taill\u00e9es, notamment une vid\u00e9o et des conseils importants sur la fa\u00e7on d\u2019installer votre eSIM sur votre appareil Android ou IOS<\/p>\n\n\n\n<p><\/p>\n","protected":false},"excerpt":{"rendered":"<p>Trouvez des instructions d\u00e9taill\u00e9es, notamment une vid\u00e9o et des conseils importants sur la fa\u00e7on d\u2019installer votre eSIM sur votre appareil Android ou IOS<\/p>\n","protected":false},"author":528,"featured_media":0,"parent":0,"menu_order":0,"comment_status":"closed","ping_status":"closed","template":"views\/tpl-how-to-install.php","meta":{"_acf_changed":false,"footnotes":""},"class_list":["post-39008","page","type-page","status-publish","hentry"],"acf":[],"_links":{"self":[{"href":"https:\/\/moovit.voyeglobal.com\/fr\/wp-json\/wp\/v2\/pages\/39008","targetHints":{"allow":["GET"]}}],"collection":[{"href":"https:\/\/moovit.voyeglobal.com\/fr\/wp-json\/wp\/v2\/pages"}],"about":[{"href":"https:\/\/moovit.voyeglobal.com\/fr\/wp-json\/wp\/v2\/types\/page"}],"author":[{"embeddable":true,"href":"https:\/\/moovit.voyeglobal.com\/fr\/wp-json\/wp\/v2\/users\/528"}],"replies":[{"embeddable":true,"href":"https:\/\/moovit.voyeglobal.com\/fr\/wp-json\/wp\/v2\/comments?post=39008"}],"version-history":[{"count":2,"href":"https:\/\/moovit.voyeglobal.com\/fr\/wp-json\/wp\/v2\/pages\/39008\/revisions"}],"predecessor-version":[{"id":56867,"href":"https:\/\/moovit.voyeglobal.com\/fr\/wp-json\/wp\/v2\/pages\/39008\/revisions\/56867"}],"wp:attachment":[{"href":"https:\/\/moovit.voyeglobal.com\/fr\/wp-json\/wp\/v2\/media?parent=39008"}],"curies":[{"name":"wp","href":"https:\/\/api.w.org\/{rel}","templated":true}]}}