{"id":31520,"date":"2024-02-12T13:22:57","date_gmt":"2024-02-12T13:22:57","guid":{"rendered":"https:\/\/moovit.voyeglobal.com\/politique-en-matiere-de-cookies\/"},"modified":"2024-11-05T10:48:45","modified_gmt":"2024-11-05T10:48:45","slug":"cookie-policy","status":"publish","type":"page","link":"https:\/\/moovit.voyeglobal.com\/fr\/cookie-policy\/","title":{"rendered":"Politique en mati\u00e8re de cookies"},"content":{"rendered":"\n<p>La pr\u00e9sente politique en mati\u00e8re de cookies compl\u00e8te la politique de confidentialit\u00e9 de la soci\u00e9t\u00e9.<\/p>\n\n\n\n<h3 class=\"wp-block-heading\"><strong>Qu&rsquo;est-ce qu&rsquo;un cookie ?<\/strong><\/h3>\n\n\n\n<p>L&rsquo;entreprise met en \u0153uvre un certain nombre d&rsquo;outils de collecte d&rsquo;informations standard, tels que les cookies, pour recueillir des informations sur votre utilisation et votre interaction avec nos sites web. Les cookies sont de petits fichiers texte qui peuvent \u00eatre stock\u00e9s sur votre ordinateur (ou tout autre appareil permettant l&rsquo;acc\u00e8s \u00e0 l&rsquo;internet) lorsque vous visitez un site web. Ils permettent aux sites web de reconna\u00eetre votre ordinateur ou d&rsquo;autres appareils lorsque vous naviguez. Les balises Web, les pixels, le JavaScript et d&rsquo;autres technologies de suivi utilisent \u00e9galement des cookies ou des images ou codes invisibles pour collecter des informations sur une session de visiteurs d&rsquo;une mani\u00e8re similaire aux cookies.<\/p>\n\n\n\n<h3 class=\"wp-block-heading\"><strong>Quels types de cookies utilisons-nous ?<\/strong><\/h3>\n\n\n\n<p>En fonction de la dur\u00e9e pendant laquelle un cookie reste en place, nous pouvons d\u00e9crire les cookies comme des cookies de session ou des cookies persistants :  <\/p>\n\n\n\n<ul class=\"wp-block-list\">\n<li>Cookies de session &#8211; Un cookie de session peut permettre \u00e0 un site web de se souvenir de vous pendant que vous naviguez sur le site, mais le cookie sera supprim\u00e9 lorsque vous vous d\u00e9connectez ou que vous fermez la page web ou votre navigateur internet. Un cookie de session permet, par exemple, \u00e0 votre ordinateur de se souvenir des articles que vous avez plac\u00e9s dans un panier d&rsquo;achat pendant que vous naviguez sur le site. Un cookie de session est temporaire et dispara\u00eet lorsque vous fermez votre navigateur.  <\/li>\n\n\n\n<li>Cookies persistants &#8211; Un cookie persistant reste stock\u00e9 sur votre appareil ou votre navigateur Internet pendant une p\u00e9riode donn\u00e9e (minutes, jours ou mois) apr\u00e8s que vous vous \u00eates d\u00e9connect\u00e9 ou que vous avez ferm\u00e9 votre navigateur. Un cookie persistant nous aide \u00e0 vous reconna\u00eetre en tant qu&rsquo;utilisateur existant, de sorte qu&rsquo;il est plus facile de revenir sur notre site ou d&rsquo;interagir avec nos services sans avoir \u00e0 se connecter \u00e0 nouveau. Les cookies persistants peuvent \u00eatre supprim\u00e9s en suivant les instructions de votre navigateur web<\/li>\n<\/ul>\n\n\n\n<p>Nous utilisons des cookies de session et des cookies persistants pour permettre \u00e0 nos sites de fonctionner correctement, y compris les connexions s\u00e9curis\u00e9es, pour compter les visiteurs de notre site et savoir comment ils utilisent notre site et nos fonctionnalit\u00e9s.  <\/p>\n\n\n\n<p>Vous \u00eates toujours libre de refuser nos cookies si votre navigateur le permet, mais certaines parties de nos sites peuvent ne pas fonctionner correctement pour vous si les cookies sont d\u00e9sactiv\u00e9s. Veuillez consulter les instructions de votre navigateur pour en savoir plus sur la mani\u00e8re d&rsquo;ajuster ou de modifier les param\u00e8tres de votre navigateur. Nous ne permettons pas \u00e0 des tiers autres que les soci\u00e9t\u00e9s que nous engageons pour fournir des services ou des fonctions en notre nom de placer des cookies sur notre site web.<\/p>\n\n\n\n<p>Pour savoir comment voir quels cookies ont \u00e9t\u00e9 install\u00e9s et comment rejeter et supprimer les cookies, veuillez consulter <a href=\"http:\/\/www.aboutcookies.org\">: http:\/\/www.aboutcookies.org<\/a> <\/p>\n\n\n\n<h3 class=\"wp-block-heading\"><strong>Pourquoi utilisons-nous des cookies ?<\/strong><\/h3>\n\n\n\n<p>Nous utilisons des cookies strictement n\u00e9cessaires pour permettre la navigation sur notre site web et enregistrer les pr\u00e9f\u00e9rences. Nous utilisons ce que nous appelons des cookies de fonctionnalit\u00e9 pour enregistrer des informations sur les choix que vous avez faits et nous permettre d&rsquo;adapter les sites \u00e0 vos besoins. Nous utilisons des cookies de performance pour surveiller le comportement des visiteurs sur les sites afin de nous permettre d&rsquo;am\u00e9liorer nos sites. Ces cookies peuvent \u00eatre utilis\u00e9s pour faciliter les enqu\u00eates en ligne, enregistrer le nombre de visiteurs et d&rsquo;autres param\u00e8tres. Ces cookies ne sont pas utilis\u00e9s pour vous cibler avec de la publicit\u00e9 en ligne. Nous utilisons des cookies de marketing et de suivi anonyme des sites crois\u00e9s pour \u00e9tablir un profil de recherche et de navigation ou de consommation de contenu pour les visiteurs de nos sites. Des donn\u00e9es identifiables peuvent \u00eatre collect\u00e9es. Ces cookies peuvent \u00eatre utilis\u00e9s pour personnaliser les suggestions, recommander des articles susceptibles de vous int\u00e9resser, confirmer si vous avez cliqu\u00e9 sur des publicit\u00e9s et d\u00e9terminer le contenu externe qui a \u00e9t\u00e9 consult\u00e9. Nous pouvons partager des donn\u00e9es anonymes avec des tiers. Nous autorisons \u00e9galement les cookies de marketing et de ciblage de tiers. Ces cookies et technologies similaires permettent aux fournisseurs d&rsquo;analyses, aux r\u00e9seaux publicitaires et aux fournisseurs de m\u00e9dias sociaux de suivre vos activit\u00e9s en ligne \u00e0 des fins de publicit\u00e9 comportementale, d&rsquo;analyse et d&rsquo;\u00e9tude de march\u00e9. Nous pouvons collecter des informations personnellement identifiables et les utiliser pour afficher de la publicit\u00e9. Nous pouvons \u00e9galement utiliser des cookies de marketing dans les courriels. Ils nous aident \u00e0 d\u00e9terminer si vous avez ouvert un courriel ou si vous avez cliqu\u00e9 sur un lien dans le courriel.<\/p>\n\n\n\n<h3 class=\"wp-block-heading\"><strong>D\u00e9tails des cookies qui peuvent \u00eatre utilis\u00e9s  <\/strong><\/h3>\n\n\n\n<figure class=\"wp-block-table\"><table><tbody><tr><td><strong>TYPE DE COOKIE<\/strong><\/td><td><strong>COOKIE<\/strong><\/td><td><strong>OBJECTIF<\/strong><\/td><td><strong>DATE D&rsquo;EXPIRATION<\/strong><\/td><\/tr><tr><td>Strictement n\u00e9cessaire<\/td><td>JSESSIONID SMSessionSessionID<\/td><td>Ce cookie est utilis\u00e9 pour activer les fonctionnalit\u00e9s de base du site. Il ne contient aucune information personnelle et est automatiquement supprim\u00e9 lorsque vous fermez votre navigateur.<\/td><td>Cookie de session &#8211; Fin de la session<\/td><\/tr><tr><td>Strictement n\u00e9cessaire<\/td><td>Nouvel utilisateurUtilisateur<\/td><td>Utilis\u00e9 pour les services d&rsquo;authentification<\/td><td>Cookie de session &#8211; Fin de la session<\/td><\/tr><tr><td>Strictement n\u00e9cessaire<\/td><td>Adobe Tag Manager (DTM)Google Tag Manager (GTM)<\/td><td>Utilis\u00e9 pour contr\u00f4ler le placement des cookies pour le suivi analytique sur le site par opt-in et les pr\u00e9f\u00e9rences pour les cookies sur votre appareil.<\/td><td>Certains cookies expirent \u00e0 la fin de la session et d&rsquo;autres sont des cookies persistants.<\/td><\/tr><tr><td>Fonctionnalit\u00e9<\/td><td>isMobile, isIpad, CSSCokie<\/td><td>Permet de personnaliser l&rsquo;affichage en fonction de l&rsquo;appareil utilis\u00e9<\/td><td>Cookie de session &#8211; fin de la session<\/td><\/tr><tr><td>Fonctionnalit\u00e9Contenu multim\u00e9dia ou session de lecture vid\u00e9o<\/td><td>Adobe Target (Mbox)YouTubeEmbed-playerHtml5player<\/td><td><\/td><td><\/td><\/tr><tr><td>Performance<\/td><td><\/td><td><\/td><td><\/td><\/tr><tr><td>Performance analytique<\/td><td>Google Analytics<\/td><td>Les cookies analytiques de premi\u00e8re et de troisi\u00e8me parties sont \u00e9mis par le domaine du site web qui est visit\u00e9. Ils sont utilis\u00e9s pour collecter des informations sur la mani\u00e8re dont les visiteurs utilisent notre site web. Nous utilisons ces informations pour compiler des rapports sur le trafic web et mobile et pour nous aider \u00e0 am\u00e9liorer le site web. Les cookies recueillent des informations sous une forme anonyme, notamment le nombre de visiteurs du site, l&rsquo;origine des visiteurs avant leur passage sur le site, ainsi que les pages qu&rsquo;ils ont consult\u00e9es.<\/td><td><\/td><\/tr><\/tbody><\/table><\/figure>\n\n\n\n<p><\/p>\n\n\n\n<p><\/p>\n\n\n\n<h3 class=\"wp-block-heading\"><strong>Utilisation de Google Analytics<\/strong><\/h3>\n\n\n\n<p>Vous pouvez contr\u00f4ler les informations fournies \u00e0 Google et d\u00e9sactiver certaines annonces diffus\u00e9es par Google en utilisant l&rsquo;une des m\u00e9thodes d\u00e9crites sur <a href=\"https:\/\/policies.google.com\/technologies\/partner-sites\">Google Analytics<\/a> ou en utilisant la fonction de d\u00e9sactivation de Google Analytics.<\/p>\n","protected":false},"excerpt":{"rendered":"<p>La pr\u00e9sente politique en mati\u00e8re de cookies compl\u00e8te la politique de confidentialit\u00e9 de la soci\u00e9t\u00e9. Qu&rsquo;est-ce qu&rsquo;un cookie ? L&rsquo;entreprise met en \u0153uvre un certain nombre d&rsquo;outils de collecte d&rsquo;informations standard, tels que les cookies, pour recueillir des informations sur votre utilisation et votre interaction avec nos sites web. Les cookies sont de petits fichiers [&hellip;]<\/p>\n","protected":false},"author":528,"featured_media":0,"parent":0,"menu_order":0,"comment_status":"closed","ping_status":"closed","template":"views\/tpl-content.php","meta":{"_acf_changed":false,"footnotes":""},"class_list":["post-31520","page","type-page","status-publish","hentry"],"acf":[],"_links":{"self":[{"href":"https:\/\/moovit.voyeglobal.com\/fr\/wp-json\/wp\/v2\/pages\/31520","targetHints":{"allow":["GET"]}}],"collection":[{"href":"https:\/\/moovit.voyeglobal.com\/fr\/wp-json\/wp\/v2\/pages"}],"about":[{"href":"https:\/\/moovit.voyeglobal.com\/fr\/wp-json\/wp\/v2\/types\/page"}],"author":[{"embeddable":true,"href":"https:\/\/moovit.voyeglobal.com\/fr\/wp-json\/wp\/v2\/users\/528"}],"replies":[{"embeddable":true,"href":"https:\/\/moovit.voyeglobal.com\/fr\/wp-json\/wp\/v2\/comments?post=31520"}],"version-history":[{"count":0,"href":"https:\/\/moovit.voyeglobal.com\/fr\/wp-json\/wp\/v2\/pages\/31520\/revisions"}],"wp:attachment":[{"href":"https:\/\/moovit.voyeglobal.com\/fr\/wp-json\/wp\/v2\/media?parent=31520"}],"curies":[{"name":"wp","href":"https:\/\/api.w.org\/{rel}","templated":true}]}}