{"id":3095,"date":"2023-12-31T14:13:31","date_gmt":"2023-12-31T14:13:31","guid":{"rendered":"https:\/\/agoda.voyeglobal.com\/privacy-statement\/"},"modified":"2024-10-04T05:10:42","modified_gmt":"2024-10-04T05:10:42","slug":"privacy-statement","status":"publish","type":"page","link":"https:\/\/moovit.voyeglobal.com\/fr\/privacy-statement\/","title":{"rendered":"D\u00e9claration de confidentialit\u00e9"},"content":{"rendered":"\n<h3 class=\"wp-block-heading\"><strong>Introduction<\/strong> <\/h3>\n\n\n\n<p>Chez Voye, nous nous engageons \u00e0 respecter la confidentialit\u00e9 et la s\u00e9curit\u00e9 des donn\u00e9es que nous d\u00e9tenons sur vous. Tout au long du processus de collecte des donn\u00e9es, toutes les mesures n\u00e9cessaires sont prises pour s&rsquo;assurer que les donn\u00e9es ne sont utilis\u00e9es qu&rsquo;aux fins que nous indiquons clairement. Les donn\u00e9es que nous collectons d\u00e9pendent du service que nous vous fournissons. Cette d\u00e9claration de confidentialit\u00e9 est con\u00e7ue pour vous aider \u00e0 comprendre comment Voye utilise et prot\u00e8ge les informations que vous nous fournissez en utilisant les services de Voye. Vous devez lire cette politique ainsi que les conditions g\u00e9n\u00e9rales. Si vous avez des questions concernant notre politique de confidentialit\u00e9, vous pouvez nous contacter \u00e0 l&rsquo;adresse suivante : support@voyeglobal.com.<\/p>\n\n\n\n<h3 class=\"wp-block-heading\"><strong>Donn\u00e9es personnelles que nous collectons et comment nous les collectons<\/strong><\/h3>\n\n\n\n<p>On entend par \u00ab\u00a0<strong>donn\u00e9es \u00e0 caract\u00e8re personnel<\/strong>\u00a0\u00bb toute information se rapportant \u00e0 une personne identifi\u00e9e ou identifiable. Il peut s&rsquo;agir d&rsquo;informations que vous nous fournissez et que nous recueillons \u00e0 votre sujet, par exemple lorsque vous utilisez nos services (par exemple, des informations sur votre appareil, votre adresse IP).<\/p>\n\n\n\n<ul class=\"wp-block-list\">\n<li>Application. Nous collecterons des informations sur les appareils et les navigateurs sur notre site web et notre application (\u00ab\u00a0<strong>Application<\/strong>\u00ab\u00a0) et les sites web, applications et autres services en ligne de tiers (\u00ab\u00a0<strong>Tiers<\/strong>\u00ab\u00a0), les donn\u00e9es d&rsquo;utilisation associ\u00e9es \u00e0 ces appareils et navigateurs et la mani\u00e8re dont vous avez utilis\u00e9 nos services, y compris l&rsquo;adresse IP, les plug-ins, la langue utilis\u00e9e, le temps pass\u00e9 sur l&rsquo;application et les sites tiers, les pages visit\u00e9es, les liens cliqu\u00e9s, les m\u00e9thodes de paiement utilis\u00e9es et les pages qui vous ont conduit ou renvoy\u00e9 \u00e0 l&rsquo;application et aux sites tiers. <em><br>  <strong>Consultez notre politique en mati\u00e8re de cookies <a href=\"https:\/\/moovit.voyeglobal.com\/fr\/cookies-policy\/\">ici<\/a><\/strong><br><\/em>. <strong><em> <\/em><\/strong><\/li>\n\n\n\n<li>Donn\u00e9es d&rsquo;identification de l&rsquo;appareil. Donn\u00e9es permettant d&rsquo;identifier un appareil \u00e0 partir duquel (ou vers lequel) des communications \u00e9lectroniques sont envoy\u00e9es (ou re\u00e7ues) ; il peut s&rsquo;agir de l&rsquo;adresse IP (Internet Protocol), de l&rsquo;adresse MAC (Media Access Control), du num\u00e9ro IMEI (International Mobile Equipment Identity), du num\u00e9ro IMSI (International Mobile Subscriber Identity), du num\u00e9ro de s\u00e9rie et de l&rsquo;identifiant unique de l&rsquo;appareil (UDID).<\/li>\n\n\n\n<li>M\u00e9tadonn\u00e9es des communications \u00e9lectroniques. Les donn\u00e9es trait\u00e9es dans un r\u00e9seau de communications \u00e9lectroniques aux fins de la transmission, de la distribution ou de l&rsquo;\u00e9change de contenu de communications \u00e9lectroniques (\u00e0 l&rsquo;exclusion du contenu de communications \u00e9lectroniques) comprennent les donn\u00e9es utilis\u00e9es pour retracer et identifier la source et la destination d&rsquo;une communication, les donn\u00e9es relatives \u00e0 l&#8217;emplacement de l&rsquo;appareil g\u00e9n\u00e9r\u00e9es dans le cadre de la fourniture de services de communications \u00e9lectroniques (donn\u00e9es de g\u00e9olocalisation), ainsi que la date, l&rsquo;heure, la dur\u00e9e et le type de communication. Par souci de clart\u00e9, nous collectons des donn\u00e9es de g\u00e9olocalisation lors de l&rsquo;activation des services dans votre pays de destination, mais une fois activ\u00e9s, nous cessons de collecter des donn\u00e9es de g\u00e9olocalisation.  <\/li>\n\n\n\n<li>Donn\u00e9es d&rsquo;enregistrement. Lorsque vous achetez des services, vous nous fournissez certaines donn\u00e9es personnelles, telles que votre nom, votre adresse \u00e9lectronique et votre num\u00e9ro de t\u00e9l\u00e9phone (\u00ab\u00a0<strong>donn\u00e9es d&rsquo;enregistrement<\/strong>\u00ab\u00a0). Nous avons besoin de ces informations pour vous fournir les services.<\/li>\n\n\n\n<li>Modalit\u00e9s de paiement. Nous utilisons un processeur de paiement tiers pour traiter les paiements qui nous sont faits. Dans le cadre du traitement de ces paiements, nous ne conservons aucune information financi\u00e8re telle que les num\u00e9ros de carte de cr\u00e9dit. Au contraire, toutes ces informations sont fournies directement \u00e0 notre sous-traitant, Stripe, dont l&rsquo;utilisation de vos informations personnelles est r\u00e9gie par la politique de confidentialit\u00e9 de Stripe.  <\/li>\n\n\n\n<li>Informations sur la communication. Nous collecterons \u00e9galement toute information que vous choisissez de nous fournir, par exemple par l&rsquo;interm\u00e9diaire du service client\u00e8le, de chats, de formulaires de contact, d&rsquo;e-mails, de m\u00e9dias sociaux, d&rsquo;enqu\u00eates. Lorsque vous r\u00e9pondez \u00e0 nos courriels ou \u00e0 nos enqu\u00eates, nous recueillons votre adresse \u00e9lectronique, votre nom, vos coordonn\u00e9es ainsi que le contenu de votre demande et toute autre information que vous choisissez d&rsquo;inclure dans le corps de votre courriel ou de vos r\u00e9ponses. Si vous nous contactez par t\u00e9l\u00e9phone, nous collecterons le num\u00e9ro de t\u00e9l\u00e9phone que vous utilisez pour nous appeler, ainsi que d&rsquo;autres informations que vous pourriez fournir au cours de l&rsquo;appel.  <\/li>\n<\/ul>\n\n\n\n<h3 class=\"wp-block-heading\"><strong>Partage des donn\u00e9es personnelles avec des tiers<\/strong><\/h3>\n\n\n\n<ul class=\"wp-block-list\">\n<li>Fournisseurs fournissant des services. Dans la mesure o\u00f9 cela est n\u00e9cessaire \u00e0 la fourniture de nos services, nous pouvons partager vos donn\u00e9es personnelles avec des \u00e9tablissements bancaires et des agences de facturation tiers pour traiter vos informations, avec d&rsquo;autres fournisseurs tiers qui nous fournissent des services (par exemple, des services de fournisseurs web, des fournisseurs informatiques, des services d&rsquo;analyse de donn\u00e9es, des services de marketing, etc.<\/li>\n\n\n\n<li>Respect des lois et application de la loi. Il peut arriver que nous devions fournir vos donn\u00e9es \u00e0 caract\u00e8re personnel \u00e0 des tiers pour nous conformer \u00e0 des obligations l\u00e9gales. Il s&rsquo;agit notamment, mais pas exclusivement, des r\u00e9gulateurs nationaux, pour des raisons telles que la r\u00e9solution d&rsquo;un litige en mati\u00e8re de facturation, pour une utilisation dans le cadre d&rsquo;une proc\u00e9dure judiciaire ou m\u00eame pour des raisons de s\u00e9curit\u00e9 nationale. Dans ces cas, nous nous conformerons aux lois en vigueur \u00e0 ce moment-l\u00e0 et fournirons les informations requises. Nous pouvons \u00e9galement fournir vos informations aux forces de l&rsquo;ordre afin de les aider \u00e0 enqu\u00eater sur des activit\u00e9s criminelles.<\/li>\n<\/ul>\n\n\n\n<h3 class=\"wp-block-heading\"><strong>S\u00e9curit\u00e9<\/strong><\/h3>\n\n\n\n<ul class=\"wp-block-list\">\n<li>Nous faisons des efforts raisonnables pour fournir un niveau de s\u00e9curit\u00e9 appropri\u00e9 au risque associ\u00e9 au traitement de vos donn\u00e9es personnelles. Nous maintenons des mesures organisationnelles, techniques et administratives con\u00e7ues pour prot\u00e9ger les donn\u00e9es \u00e0 caract\u00e8re personnel couvertes par la pr\u00e9sente politique contre l&rsquo;acc\u00e8s non autoris\u00e9, la destruction, la perte, l&rsquo;alt\u00e9ration ou l&rsquo;utilisation abusive. Malheureusement, aucun syst\u00e8me de transmission ou de stockage de donn\u00e9es ne peut \u00eatre garanti \u00e0 100 %.<\/li>\n\n\n\n<li>Si vous avez des raisons de croire que votre interaction avec nous n&rsquo;est plus s\u00e9curis\u00e9e (par exemple, vous pensez que la s\u00e9curit\u00e9 de votre compte Voye a \u00e9t\u00e9 compromise), veuillez nous contacter imm\u00e9diatement.<\/li>\n<\/ul>\n\n\n\n<h3 class=\"wp-block-heading\"><strong>Conservation des donn\u00e9es personnelles<\/strong><\/h3>\n\n\n\n<p>Nous conservons vos informations aussi longtemps que nous en avons besoin \u00e0 des fins commerciales, fiscales ou juridiques. Nous fixons nos p\u00e9riodes de conservation en fonction d&rsquo;\u00e9l\u00e9ments tels que le type de donn\u00e9es \u00e0 caract\u00e8re personnel collect\u00e9es, la dur\u00e9e pendant laquelle les donn\u00e9es \u00e0 caract\u00e8re personnel sont n\u00e9cessaires ou souhait\u00e9es pour fournir nos services et si nous sommes soumis \u00e0 des obligations contractuelles ou l\u00e9gales &#8211; telles qu&rsquo;un litige en cours, des lois obligatoires sur la conservation des donn\u00e9es ou des ordonnances gouvernementales visant \u00e0 conserver des donn\u00e9es pertinentes dans le cadre d&rsquo;une enqu\u00eate. Nous pouvons conserver les donn\u00e9es \u00e0 caract\u00e8re personnel apr\u00e8s la fourniture des services pendant un certain temps, afin de vous permettre d&rsquo;acc\u00e9der facilement aux services \u00e0 l&rsquo;avenir. Si vous souhaitez que nous supprimions vos informations d&rsquo;enregistrement (apr\u00e8s que les services ont \u00e9t\u00e9 fournis), veuillez nous contacter.  <\/p>\n\n\n\n<h3 class=\"wp-block-heading\"><strong>Droits concernant le traitement des donn\u00e9es personnelles<\/strong><\/h3>\n\n\n\n<ul class=\"wp-block-list\">\n<li>Nous d\u00e9crivons ci-dessous certains des droits que vous pouvez avoir concernant la collecte, l&rsquo;utilisation et la divulgation de vos donn\u00e9es personnelles. Ces droits sont limit\u00e9s par les lois applicables, font l&rsquo;objet d&rsquo;exemptions et, dans certains cas, d\u00e9pendent de l&rsquo;activit\u00e9 de traitement que nous entreprenons en votre nom ; par cons\u00e9quent, certains de ces droits peuvent ne pas vous \u00eatre applicables : Nous mentionnons sp\u00e9cifiquement le r\u00e8glement 2016\/679, le r\u00e8glement g\u00e9n\u00e9ral sur la protection des donn\u00e9es (\u00ab\u00a0<strong>RGPD<\/strong>\u00ab\u00a0).), le GDPR de l&rsquo;UE tel qu&rsquo;il est sauvegard\u00e9 et incorpor\u00e9 dans le droit britannique en vertu de l&rsquo;article 3 de la loi de 2018 sur l&rsquo;Union europ\u00e9enne (retrait) (GDPR du Royaume-Uni), la loi f\u00e9d\u00e9rale suisse sur la protection des donn\u00e9es, la loi californienne sur la protection des consommateurs et d&rsquo;autres lois sp\u00e9cifiques dans votre juridiction qui peuvent accorder tout ou partie des droits susmentionn\u00e9s (\u00ab\u00a0les droits de l&rsquo;homme\u00a0\u00bb).<strong>Lois applicables<\/strong>\u00ab\u00a0). Veuillez consulter la loi applicable pour plus d&rsquo;informations sur vos droits ci-dessous et vos droits suppl\u00e9mentaires, le cas \u00e9ch\u00e9ant.  <\/li>\n<\/ul>\n\n\n\n<ul class=\"wp-block-list\">\n<li>Droit d&rsquo;acc\u00e8s. Le droit d&rsquo;\u00eatre inform\u00e9 et de demander l&rsquo;acc\u00e8s aux donn\u00e9es personnelles que nous traitons \u00e0 votre sujet ;<\/li>\n\n\n\n<li>Droit de rectification. Le droit de nous demander de modifier ou de mettre \u00e0 jour vos donn\u00e9es personnelles lorsqu&rsquo;elles sont inexactes ou incompl\u00e8tes ;<\/li>\n\n\n\n<li>Droit \u00e0 l&rsquo;effacement. Le droit de demander que nous supprimions vos donn\u00e9es \u00e0 caract\u00e8re personnel dans les cas suivants : (i) elles ne sont plus n\u00e9cessaires aux fins pour lesquelles elles ont \u00e9t\u00e9 collect\u00e9es, ou ; (ii) vous avez retir\u00e9 votre consentement (lorsque le traitement de vos donn\u00e9es \u00e0 caract\u00e8re personnel \u00e9tait fond\u00e9 sur le consentement) ; (iii) vous vous \u00eates oppos\u00e9 avec succ\u00e8s (voir le droit d&rsquo;opposition ci-dessous) ; (iv) elles ont fait l&rsquo;objet d&rsquo;un traitement illicite. Nous ne sommes pas tenus d&rsquo;acc\u00e9der \u00e0 votre demande d&rsquo;effacement des donn\u00e9es \u00e0 caract\u00e8re personnel si le traitement est n\u00e9cessaire au respect d&rsquo;une obligation l\u00e9gale ou \u00e0 la constatation, \u00e0 l&rsquo;exercice ou \u00e0 la d\u00e9fense d&rsquo;un droit en justice.<\/li>\n\n\n\n<li>Droit de restriction. Le droit de demander que nous arr\u00eations temporairement ou d\u00e9finitivement le traitement de tout ou partie de vos donn\u00e9es personnelles ;<\/li>\n\n\n\n<li>Droit d&rsquo;opposition. Le droit de s&rsquo;opposer au traitement de vos donn\u00e9es personnelles \u00e0 des fins de marketing direct et le droit, \u00e0 tout moment, de s&rsquo;opposer \u00e0 ce que nous traitions vos donn\u00e9es personnelles sur la base de nos int\u00e9r\u00eats l\u00e9gitimes si vous estimez que vos droits et libert\u00e9s fondamentaux l&#8217;emportent sur nos int\u00e9r\u00eats l\u00e9gitimes. Si vous soulevez une objection, nous avons la possibilit\u00e9 de d\u00e9montrer que nous avons des int\u00e9r\u00eats l\u00e9gitimes imp\u00e9rieux qui l&#8217;emportent sur vos droits et votre libert\u00e9 ;<\/li>\n\n\n\n<li>Droit \u00e0 la portabilit\u00e9 des donn\u00e9es. Le droit de demander une copie de vos donn\u00e9es \u00e0 caract\u00e8re personnel au format \u00e9lectronique et le droit de transmettre ces donn\u00e9es \u00e0 caract\u00e8re personnel pour les utiliser dans le service d&rsquo;une autre partie ; le droit de demander une copie de vos donn\u00e9es \u00e0 caract\u00e8re personnel dans un format structur\u00e9, couramment utilis\u00e9 et lisible par machine, et le droit de demander que nous les transf\u00e9rions directement \u00e0 un autre responsable du traitement des donn\u00e9es, mais dans chaque cas uniquement lorsque : (i) le traitement est fond\u00e9 sur votre consentement ou sur l&rsquo;ex\u00e9cution d&rsquo;un contrat avec vous ; et (ii) le traitement est effectu\u00e9 par des moyens automatis\u00e9s.<\/li>\n\n\n\n<li>Droit de ne pas \u00eatre soumis \u00e0 une prise de d\u00e9cision automatis\u00e9e. Le droit de ne pas faire l&rsquo;objet d&rsquo;une d\u00e9cision fond\u00e9e exclusivement sur une prise de d\u00e9cision automatis\u00e9e, y compris le profilage, lorsque la d\u00e9cision aurait un effet juridique sur vous ou produirait un effet significatif similaire.<\/li>\n<\/ul>\n\n\n\n<p>Si vous souhaitez demander \u00e0 exercer vos droits en vertu des lois applicables, le cas \u00e9ch\u00e9ant, veuillez nous contacter \u00e0 l&rsquo;adresse suivante : support@voyeglobal.com. Veuillez indiquer votre nom et vos coordonn\u00e9es, ainsi que votre juridiction, et fournir des informations d\u00e9taill\u00e9es concernant la demande. Lorsque nous recevons une demande d&rsquo;exercice de l&rsquo;un de ces droits, nous indiquons les informations personnelles dont nous avons besoin pour valider votre identit\u00e9. Nous vous informerons \u00e9galement de la suite que nous entendons donner \u00e0 votre demande dans les meilleurs d\u00e9lais. Veuillez noter que ces demandes sont soumises aux obligations l\u00e9gales applicables ou aux obligations de conservation des documents qui nous sont impos\u00e9es.<\/p>\n\n\n\n<h3 class=\"wp-block-heading\"><strong>Base juridique du traitement<\/strong><\/h3>\n\n\n\n<p>Nous nous appuyons sur un certain nombre de bases juridiques pour pouvoir traiter vos donn\u00e9es \u00e0 caract\u00e8re personnel :  <\/p>\n\n\n\n<ul class=\"wp-block-list\">\n<li>Relations d&rsquo;affaires contractuelles et pr\u00e9contractuelles. Nous traitons les donn\u00e9es \u00e0 caract\u00e8re personnel dans le but de nouer des relations commerciales avec les clients et d&rsquo;ex\u00e9cuter les obligations contractuelles respectives avec eux.<\/li>\n\n\n\n<li>Conformit\u00e9 juridique. Nous traitons les donn\u00e9es \u00e0 caract\u00e8re personnel pour v\u00e9rifier l&rsquo;identit\u00e9 des personnes et des entit\u00e9s afin de nous conformer aux obligations de contr\u00f4le, de pr\u00e9vention et de d\u00e9tection de la fraude et \u00e0 d&rsquo;autres enqu\u00eates juridiques.<\/li>\n\n\n\n<li>Int\u00e9r\u00eats l\u00e9gitimes. Lorsque la l\u00e9gislation applicable le permet, nous nous appuyons sur nos int\u00e9r\u00eats commerciaux l\u00e9gitimes pour traiter les donn\u00e9es \u00e0 caract\u00e8re personnel vous concernant. La liste suivante pr\u00e9sente les objectifs commerciaux pour lesquels nous avons un int\u00e9r\u00eat l\u00e9gitime \u00e0 traiter vos donn\u00e9es :<\/li>\n<\/ul>\n\n\n\n<ul class=\"wp-block-list\">\n<li>D\u00e9tecter, surveiller et pr\u00e9venir la fraude et les transactions de paiement non autoris\u00e9es ;<\/li>\n\n\n\n<li>vous permettre d&rsquo;acc\u00e9der facilement aux futurs services et de consulter les services que vous avez achet\u00e9s pr\u00e9c\u00e9demment.<\/li>\n\n\n\n<li>Att\u00e9nuer les pertes financi\u00e8res, les r\u00e9clamations, les responsabilit\u00e9s ou autres pr\u00e9judices subis par les clients<\/li>\n\n\n\n<li>D\u00e9terminer l&rsquo;\u00e9ligibilit\u00e9 \u00e0 de nouveaux produits et services et les proposer ;<\/li>\n\n\n\n<li>R\u00e9pondre aux demandes de renseignements, envoyer des avis de service et fournir une assistance \u00e0 la client\u00e8le ;<\/li>\n\n\n\n<li>Promouvoir, analyser, modifier et am\u00e9liorer nos services, syst\u00e8mes et outils, et d\u00e9velopper de nouveaux produits et services, y compris la fiabilit\u00e9 des services ;<\/li>\n\n\n\n<li>G\u00e9rer, exploiter et am\u00e9liorer la performance de nos applications et services en comprenant leur efficacit\u00e9 et en optimisant nos actifs num\u00e9riques ;<\/li>\n\n\n\n<li>Analyser et faire de la publicit\u00e9 pour nos services et les am\u00e9liorations qui y sont li\u00e9es ;<\/li>\n\n\n\n<li>Effectuer des analyses globales et d\u00e9velopper des informations commerciales qui nous permettent d&rsquo;exploiter, de prot\u00e9ger, de prendre des d\u00e9cisions \u00e9clair\u00e9es et de rendre compte de la performance de notre entreprise ;<\/li>\n\n\n\n<li>Partager les donn\u00e9es personnelles avec des prestataires de services tiers qui fournissent des services en notre nom et des partenaires commerciaux qui nous aident \u00e0 exploiter et \u00e0 am\u00e9liorer nos activit\u00e9s ;<\/li>\n\n\n\n<li>assurer la s\u00e9curit\u00e9 du r\u00e9seau et de l&rsquo;information dans l&rsquo;ensemble de nos services ; et<\/li>\n\n\n\n<li>Partager des donn\u00e9es personnelles avec nos affili\u00e9s.<\/li>\n\n\n\n<li>Consentement. Nous pouvons nous appuyer sur le consentement pour collecter et traiter les donn\u00e9es \u00e0 caract\u00e8re personnel dans le cadre de la communication avec vous et de la fourniture de publicit\u00e9 en rapport avec les futurs services. Lorsque nous traitons des donn\u00e9es sur la base de votre consentement, vous avez le droit de retirer votre consentement \u00e0 tout moment en nous contactant \u00e0 l&rsquo;adresse support@voyeglobal.com. Le retrait de votre consentement n&rsquo;affectera pas la l\u00e9galit\u00e9 du traitement fond\u00e9 sur le consentement avant son retrait, ni le traitement effectu\u00e9 sur la base d&rsquo;autres motifs l\u00e9gitimes.<\/li>\n<\/ul>\n\n\n\n<h3 class=\"wp-block-heading\"><strong>Mineurs<\/strong><\/h3>\n\n\n\n<p>Les services ne sont pas destin\u00e9s aux mineurs, y compris les enfants de moins de 13 ans, et nous leur demandons de ne pas fournir de donn\u00e9es \u00e0 caract\u00e8re personnel par le biais des services. Dans certains pays, nous pouvons imposer des limites d&rsquo;\u00e2ge plus \u00e9lev\u00e9es si la loi applicable l&rsquo;exige.<\/p>\n\n\n\n<h3 class=\"wp-block-heading\"><strong>Transferts internationaux de donn\u00e9es<\/strong><\/h3>\n\n\n\n<ul class=\"wp-block-list\">\n<li>Nous pouvons transf\u00e9rer vos donn\u00e9es \u00e0 caract\u00e8re personnel vers des pays autres que le v\u00f4tre, y compris vers les \u00c9tats-Unis. Ces pays peuvent avoir des r\u00e8gles de protection des donn\u00e9es diff\u00e9rentes de celles de votre pays. Lorsque nous transf\u00e9rons des donn\u00e9es au-del\u00e0 des fronti\u00e8res, nous prenons des mesures pour nous conformer aux lois sur la protection des donn\u00e9es applicables \u00e0 ce transfert. Dans certaines situations, nous pouvons \u00eatre tenus de divulguer des donn\u00e9es \u00e0 caract\u00e8re personnel en r\u00e9ponse \u00e0 des demandes l\u00e9gales \u00e9manant d&rsquo;autorit\u00e9s (telles que les autorit\u00e9s charg\u00e9es de l&rsquo;application de la loi ou de la s\u00e9curit\u00e9).<\/li>\n\n\n\n<li>Lorsque la l\u00e9gislation applicable exige un m\u00e9canisme de transfert de donn\u00e9es, nous utilisons un ou plusieurs des m\u00e9canismes suivants :<\/li>\n<\/ul>\n\n\n\n<ul class=\"wp-block-list\">\n<li>les transferts vers certains pays ou destinataires qui sont reconnus comme ayant un niveau de protection ad\u00e9quat des donn\u00e9es \u00e0 caract\u00e8re personnel en vertu de la l\u00e9gislation applicable.<\/li>\n\n\n\n<li>Les clauses contractuelles types de l&rsquo;UE approuv\u00e9es par la Commission europ\u00e9enne et l&rsquo;addendum du Royaume-Uni sur le transfert international de donn\u00e9es publi\u00e9 par le bureau du commissaire \u00e0 l&rsquo;information. Vous pouvez obtenir une copie des clauses contractuelles types pertinentes.<\/li>\n\n\n\n<li>ou d&rsquo;autres m\u00e9thodes l\u00e9gales \u00e0 notre disposition en vertu de la loi applicable.<\/li>\n\n\n\n<li>Nous notons que vos donn\u00e9es personnelles seront \u00e9galement collect\u00e9es de mani\u00e8re ind\u00e9pendante par le(s) op\u00e9rateur(s) h\u00f4te(s) concern\u00e9(s) afin de vous fournir des services, et que ces donn\u00e9es seront trait\u00e9es conform\u00e9ment \u00e0 la politique de confidentialit\u00e9 du(des) op\u00e9rateur(s) h\u00f4te(s). Vous pouvez identifier l&rsquo;op\u00e9rateur h\u00f4te applicable \u00e0 tout moment sur votre appareil.<\/li>\n<\/ul>\n\n\n\n<h3 class=\"wp-block-heading\"><strong>Cette politique sera-t-elle modifi\u00e9e ?<\/strong><\/h3>\n\n\n\n<p>Cette politique de confidentialit\u00e9 peut \u00eatre modifi\u00e9e de temps \u00e0 autre pour des raisons juridiques ou commerciales. En particulier, vous devriez consulter r\u00e9guli\u00e8rement la pr\u00e9sente politique \u00e0 des fins de conformit\u00e9. Si des modifications sont apport\u00e9es, une politique de confidentialit\u00e9 r\u00e9vis\u00e9e sera publi\u00e9e <a href=\"https:\/\/moovit.voyeglobal.com\/fr\/privacy-statement\/\">ici<\/a>.<\/p>\n\n\n\n<h3 class=\"wp-block-heading\"><strong>Contactez nous<\/strong><\/h3>\n\n\n\n<p>Si vous avez des questions ou des plaintes concernant la pr\u00e9sente politique, veuillez nous contacter \u00e0 l&rsquo;adresse suivante : support@voyeglobal.com.<\/p>\n","protected":false},"excerpt":{"rendered":"<p>Introduction Chez Voye, nous nous engageons \u00e0 respecter la confidentialit\u00e9 et la s\u00e9curit\u00e9 des donn\u00e9es que nous d\u00e9tenons sur vous. Tout au long du processus de collecte des donn\u00e9es, toutes les mesures n\u00e9cessaires sont prises pour s&rsquo;assurer que les donn\u00e9es ne sont utilis\u00e9es qu&rsquo;aux fins que nous indiquons clairement. Les donn\u00e9es que nous collectons d\u00e9pendent [&hellip;]<\/p>\n","protected":false},"author":528,"featured_media":0,"parent":0,"menu_order":0,"comment_status":"closed","ping_status":"closed","template":"views\/tpl-content.php","meta":{"_acf_changed":false,"footnotes":""},"class_list":["post-3095","page","type-page","status-publish","hentry"],"acf":[],"_links":{"self":[{"href":"https:\/\/moovit.voyeglobal.com\/fr\/wp-json\/wp\/v2\/pages\/3095","targetHints":{"allow":["GET"]}}],"collection":[{"href":"https:\/\/moovit.voyeglobal.com\/fr\/wp-json\/wp\/v2\/pages"}],"about":[{"href":"https:\/\/moovit.voyeglobal.com\/fr\/wp-json\/wp\/v2\/types\/page"}],"author":[{"embeddable":true,"href":"https:\/\/moovit.voyeglobal.com\/fr\/wp-json\/wp\/v2\/users\/528"}],"replies":[{"embeddable":true,"href":"https:\/\/moovit.voyeglobal.com\/fr\/wp-json\/wp\/v2\/comments?post=3095"}],"version-history":[{"count":0,"href":"https:\/\/moovit.voyeglobal.com\/fr\/wp-json\/wp\/v2\/pages\/3095\/revisions"}],"wp:attachment":[{"href":"https:\/\/moovit.voyeglobal.com\/fr\/wp-json\/wp\/v2\/media?parent=3095"}],"curies":[{"name":"wp","href":"https:\/\/api.w.org\/{rel}","templated":true}]}}