{"id":3085,"date":"2024-02-12T13:22:57","date_gmt":"2024-02-12T13:22:57","guid":{"rendered":"https:\/\/agoda.voyeglobal.com\/cookies-policy\/"},"modified":"2024-09-11T10:11:41","modified_gmt":"2024-09-11T10:11:41","slug":"cookies-policy","status":"publish","type":"page","link":"https:\/\/moovit.voyeglobal.com\/es\/cookies-policy\/","title":{"rendered":"Pol\u00edtica de cookies"},"content":{"rendered":"\n<p>Esta Pol\u00edtica de Cookies complementa la Pol\u00edtica de Privacidad de la Empresa.<\/p>\n\n<h3 class=\"wp-block-heading\"><strong>\u00bfQu\u00e9 es una galleta?<\/strong><\/h3>\n\n<p>La empresa implementa una serie de herramientas de recopilaci\u00f3n de informaci\u00f3n est\u00e1ndar del sector, como las cookies, para recopilar informaci\u00f3n sobre tu uso e interacci\u00f3n con nuestros sitios web. Las cookies son peque\u00f1os archivos de texto que pueden almacenarse en tu ordenador (u otro dispositivo que permita el acceso a Internet) cuando visitas un sitio web. Permiten que los sitios web reconozcan tu ordenador u otros dispositivos mientras navegas. Las balizas web, los p\u00edxeles, JavaScript y otras tecnolog\u00edas de rastreo tambi\u00e9n utilizan cookies y o utilizan im\u00e1genes o c\u00f3digos invisibles para recopilar informaci\u00f3n sobre la sesi\u00f3n de un visitante de forma similar a las cookies.<\/p>\n\n<h3 class=\"wp-block-heading\"><strong>\u00bfQu\u00e9 tipos de Cookies utilizamos?<\/strong><\/h3>\n\n<p>Dependiendo de cu\u00e1nto tiempo permanezca una cookie en su lugar, podemos describir las cookies como cookies de sesi\u00f3n o cookies persistentes:  <\/p>\n\n<ul class=\"wp-block-list\">\n<li>Cookies de sesi\u00f3n &#8211; Una cookie de sesi\u00f3n puede permitir que un sitio web te recuerde mientras navegas por el sitio, pero la cookie se eliminar\u00e1 cuando salgas o cierres la p\u00e1gina web o tu navegador de Internet. Una cookie de sesi\u00f3n permitir\u00e1, por ejemplo, que tu ordenador recuerde qu\u00e9 art\u00edculos has colocado en un carrito de la compra mientras navegas por el sitio. Una cookie de sesi\u00f3n es temporal y desaparece cuando cierras el navegador.  <\/li>\n\n\n\n<li>Cookies persistentes: una cookie persistente permanece almacenada en tu dispositivo o navegador de Internet durante un periodo de tiempo determinado (minutos, d\u00edas o meses) despu\u00e9s de que hayas cerrado la sesi\u00f3n o el navegador. Una cookie persistente nos ayuda a reconocerte como usuario existente, por lo que es m\u00e1s f\u00e1cil volver a nuestro sitio o interactuar con nuestros servicios sin tener que iniciar sesi\u00f3n de nuevo. Las cookies persistentes pueden eliminarse siguiendo las instrucciones de tu navegador web<\/li>\n<\/ul>\n\n<p>Utilizamos cookies de sesi\u00f3n y persistentes para permitir que nuestros Sitios funcionen correctamente, incluido el inicio de sesi\u00f3n seguro, contar los visitantes de nuestro sitio, saber c\u00f3mo utilizan nuestro sitio y nuestras funciones.  <\/p>\n\n<p>Siempre eres libre de rechazar nuestras cookies si tu navegador lo permite, pero algunas partes de nuestros Sitios pueden no funcionar correctamente para ti si las cookies est\u00e1n desactivadas. Consulta las instrucciones de tu navegador para saber m\u00e1s sobre c\u00f3mo ajustar o modificar su configuraci\u00f3n. No permitiremos que terceros distintos de las empresas que contratemos para realizar servicios o funciones en nuestro nombre coloquen cookies en nuestro sitio web.<\/p>\n\n<p>Para saber c\u00f3mo ver qu\u00e9 cookies se han instalado y c\u00f3mo rechazarlas y eliminarlas, visita: <a href=\"http:\/\/www.aboutcookies.org\">http:\/\/www.aboutcookies.org<\/a> <\/p>\n\n<h3 class=\"wp-block-heading\"><strong>\u00bfPara qu\u00e9 utilizamos las Cookies?<\/strong><\/h3>\n\n<p>Utilizamos cookies estrictamente necesarias para permitir la navegaci\u00f3n por nuestro sitio web y registrar preferencias. Utilizamos lo que llamamos Cookies de Funcionalidad para registrar informaci\u00f3n sobre las elecciones que has hecho y permitirnos adaptar los Sitios a ti. Utilizamos Cookies de Rendimiento para controlar el comportamiento de los visitantes en los Sitios para permitirnos mejorar nuestros Sitios. Estas cookies pueden utilizarse para facilitar encuestas en l\u00ednea, registrar el n\u00famero de visitantes y otras m\u00e9tricas. Estas cookies no se utilizan para dirigirte publicidad en l\u00ednea. Utilizamos cookies de marketing, an\u00f3nimas de rastreo entre sitios, para construir un perfil de b\u00fasqueda y navegaci\u00f3n de contenidos o historial de consumo de los visitantes de nuestros Sitios. Pueden recogerse datos identificables. Estas cookies pueden utilizarse para personalizar las sugerencias, recomendar art\u00edculos que puedan interesarte, confirmar si se ha hecho clic en los anuncios y rastrear qu\u00e9 contenido externo se ha visto. Podemos compartir datos anonimizados con terceros. Tambi\u00e9n permitimos cookies de marketing y de terceros. Estas cookies y tecnolog\u00edas similares permiten a los proveedores de an\u00e1lisis, redes publicitarias y proveedores de medios sociales rastrear tus actividades en l\u00ednea para publicidad conductual, an\u00e1lisis e investigaci\u00f3n de mercado. Podemos recopilar informaci\u00f3n personal identificable y utilizarla para mostrar publicidad. Tambi\u00e9n podemos utilizar cookies de marketing en los correos electr\u00f3nicos. Nos ayudan a determinar si has abierto un correo electr\u00f3nico o si has hecho clic en un enlace dentro del correo electr\u00f3nico.<\/p>\n\n<h3 class=\"wp-block-heading\"><strong>Detalles de las cookies que pueden utilizarse  <\/strong><\/h3>\n\n<figure class=\"wp-block-table\"><table><tbody><tr><td><strong>TIPO DE COOKIE<\/strong><\/td><td><strong>COOKIE<\/strong><\/td><td><strong>PROP\u00d3SITO<\/strong><\/td><td><strong>FECHA DE CADUCIDAD<\/strong><\/td><\/tr><tr><td>Estrictamente necesario<\/td><td>JSESSIONID SMSessionSessionID<\/td><td>Esta cookie se utiliza para habilitar la funcionalidad principal del Sitio. No contiene ninguna informaci\u00f3n personal y se elimina autom\u00e1ticamente cuando cierras el navegador<\/td><td>Cookie de sesi\u00f3n &#8211; Fin de sesi\u00f3n<\/td><\/tr><tr><td>Estrictamente necesario<\/td><td>Nuevo usuarioUsuario<\/td><td>Se utiliza para los servicios de autenticaci\u00f3n<\/td><td>Cookie de sesi\u00f3n &#8211; Fin de sesi\u00f3n<\/td><\/tr><tr><td>Estrictamente necesario<\/td><td>Adobe Tag Manager (DTM)Google Tag Manager (GTM)<\/td><td>Se utiliza para controlar la colocaci\u00f3n de cookies para el seguimiento anal\u00edtico en el sitio por opt in y preferencias para las cookies en tu dispositivo<\/td><td>Algunas cookies expirar\u00e1n al final de la sesi\u00f3n y otras son cookies persistentes<\/td><\/tr><tr><td>Funcionalidad<\/td><td>isM\u00f3vil, isIpad, CSSCokie<\/td><td>Permite personalizar la visualizaci\u00f3n en funci\u00f3n del dispositivo utilizado<\/td><td>Cookie de sesi\u00f3n- fin de sesi\u00f3n<\/td><\/tr><tr><td>FuncionalidadSesi\u00f3n de contenido multimedia o reproductor de v\u00eddeo<\/td><td>Adobe Target (Mbox)YouTubeEmbed-playerHtml5player<\/td><td><\/td><td><\/td><\/tr><tr><td>Rendimiento<\/td><td><\/td><td><\/td><td><\/td><\/tr><tr><td>Rendimiento anal\u00edtico<\/td><td>Google Analytics<\/td><td>Las cookies anal\u00edticas de origen y de terceros son emitidas por el dominio del sitio web que se est\u00e1 visitando. Se utilizan para recoger informaci\u00f3n sobre c\u00f3mo utilizan los visitantes nuestro sitio web. Utilizamos la informaci\u00f3n para elaborar informes de tr\u00e1fico web y m\u00f3vil y para ayudarnos a mejorar el sitio web. Las cookies recopilan informaci\u00f3n de forma an\u00f3nima, incluido el n\u00famero de visitantes del sitio web, de d\u00f3nde han venido los visitantes antes de visitar el sitio web, as\u00ed como las p\u00e1ginas que han visitado.<\/td><td><\/td><\/tr><\/tbody><\/table><\/figure>\n\n<p><\/p>\n\n<p><\/p>\n\n<h3 class=\"wp-block-heading\"><strong>Uso de Google Analytics<\/strong><\/h3>\n\n<p>Puedes controlar la informaci\u00f3n proporcionada a Google e inhabilitar determinados anuncios proporcionados por Google mediante cualquiera de los m\u00e9todos establecidos en <a href=\"https:\/\/policies.google.com\/technologies\/partner-sites\">Google Analytics<\/a> o mediante la inhabilitaci\u00f3n de Google Analytics.<\/p>\n","protected":false},"excerpt":{"rendered":"<p>Esta Pol\u00edtica de Cookies complementa la Pol\u00edtica de Privacidad de la Empresa. \u00bfQu\u00e9 es una galleta? La empresa implementa una serie de herramientas de recopilaci\u00f3n de informaci\u00f3n est\u00e1ndar del sector, como las cookies, para recopilar informaci\u00f3n sobre tu uso e interacci\u00f3n con nuestros sitios web. Las cookies son peque\u00f1os archivos de texto que pueden almacenarse [&hellip;]<\/p>\n","protected":false},"author":528,"featured_media":0,"parent":0,"menu_order":0,"comment_status":"closed","ping_status":"closed","template":"views\/tpl-content.php","meta":{"_acf_changed":false,"footnotes":""},"class_list":["post-3085","page","type-page","status-publish","hentry"],"acf":[],"_links":{"self":[{"href":"https:\/\/moovit.voyeglobal.com\/es\/wp-json\/wp\/v2\/pages\/3085","targetHints":{"allow":["GET"]}}],"collection":[{"href":"https:\/\/moovit.voyeglobal.com\/es\/wp-json\/wp\/v2\/pages"}],"about":[{"href":"https:\/\/moovit.voyeglobal.com\/es\/wp-json\/wp\/v2\/types\/page"}],"author":[{"embeddable":true,"href":"https:\/\/moovit.voyeglobal.com\/es\/wp-json\/wp\/v2\/users\/528"}],"replies":[{"embeddable":true,"href":"https:\/\/moovit.voyeglobal.com\/es\/wp-json\/wp\/v2\/comments?post=3085"}],"version-history":[{"count":0,"href":"https:\/\/moovit.voyeglobal.com\/es\/wp-json\/wp\/v2\/pages\/3085\/revisions"}],"wp:attachment":[{"href":"https:\/\/moovit.voyeglobal.com\/es\/wp-json\/wp\/v2\/media?parent=3085"}],"curies":[{"name":"wp","href":"https:\/\/api.w.org\/{rel}","templated":true}]}}