{"id":3071,"date":"2024-02-12T07:41:52","date_gmt":"2024-02-12T07:41:52","guid":{"rendered":"https:\/\/agoda.voyeglobal.com\/about-voye\/"},"modified":"2024-09-11T10:10:16","modified_gmt":"2024-09-11T10:10:16","slug":"about-voye","status":"publish","type":"page","link":"https:\/\/moovit.voyeglobal.com\/es\/about-voye\/","title":{"rendered":"Acerca de Voye"},"content":{"rendered":"\n<p>Voye es una empresa visionaria de aventuras tecnol\u00f3gicas que crea servicios innovadores de itinerancia mundial. Hecha a medida tanto para viajeros de todo el mundo como para aventureros, nos aseguramos de que siempre disfrutes de una experiencia de viaje personalizada a trav\u00e9s de una conectividad impecable. Con un \u00abmarketing\u00bb honesto y a\u00f1os de experiencia, nuestro dise\u00f1o innovador e intuitivo te ayuda a tachar elementos de tu lista de deseos uno por uno sin trucos ni rodeos.<\/p>\n\n<h3 class=\"wp-block-heading\">Nuestra visi\u00f3n<\/h3>\n\n<p>La conectividad es esencial para la experiencia de usuario del viajero, pues le permite moverse por el mundo f\u00e1cilmente y descubrir un sinf\u00edn de destinos \u00fanicos y joyas ocultas. Los viajes personales ofrecen la posibilidad de compartir aventuras en tiempo real con amigos y familiares. Por ello, dejamos atr\u00e1s las complicaciones y los elevados costes de la conectividad. Ahora, con solo hacer clic en el bot\u00f3n Voye, puedes conectarte, relajarte y concentrarte en lo que m\u00e1s importa: \u00a1tu pr\u00f3xima aventura! Nos esforzamos por hacer que la itinerancia de datos para los viajeros sea sencilla y asequible. Adi\u00f3s a la letra peque\u00f1a y a los caros intermediarios. En cuanto a la cobertura, \u00a1lo local se ha globalizado!<\/p>\n","protected":false},"excerpt":{"rendered":"<p>Voye es una empresa visionaria de aventuras tecnol\u00f3gicas que crea servicios innovadores de itinerancia mundial. Hecha a medida tanto para viajeros de todo el mundo como para aventureros, nos aseguramos de que siempre disfrutes de una experiencia de viaje personalizada a trav\u00e9s de una conectividad impecable. Con un \u00abmarketing\u00bb honesto y a\u00f1os de experiencia, nuestro [&hellip;]<\/p>\n","protected":false},"author":528,"featured_media":0,"parent":0,"menu_order":0,"comment_status":"closed","ping_status":"closed","template":"views\/tpl-about.php","meta":{"_acf_changed":true,"footnotes":""},"class_list":["post-3071","page","type-page","status-publish","hentry"],"acf":[],"_links":{"self":[{"href":"https:\/\/moovit.voyeglobal.com\/es\/wp-json\/wp\/v2\/pages\/3071","targetHints":{"allow":["GET"]}}],"collection":[{"href":"https:\/\/moovit.voyeglobal.com\/es\/wp-json\/wp\/v2\/pages"}],"about":[{"href":"https:\/\/moovit.voyeglobal.com\/es\/wp-json\/wp\/v2\/types\/page"}],"author":[{"embeddable":true,"href":"https:\/\/moovit.voyeglobal.com\/es\/wp-json\/wp\/v2\/users\/528"}],"replies":[{"embeddable":true,"href":"https:\/\/moovit.voyeglobal.com\/es\/wp-json\/wp\/v2\/comments?post=3071"}],"version-history":[{"count":0,"href":"https:\/\/moovit.voyeglobal.com\/es\/wp-json\/wp\/v2\/pages\/3071\/revisions"}],"wp:attachment":[{"href":"https:\/\/moovit.voyeglobal.com\/es\/wp-json\/wp\/v2\/media?parent=3071"}],"curies":[{"name":"wp","href":"https:\/\/api.w.org\/{rel}","templated":true}]}}